{"id":29,"date":"2025-09-03T11:14:41","date_gmt":"2025-09-03T11:14:41","guid":{"rendered":"https:\/\/underwaterhockey.ch\/?page_id=29"},"modified":"2025-09-09T08:40:49","modified_gmt":"2025-09-09T08:40:49","slug":"kurzportrat-unterwasserhockey","status":"publish","type":"page","link":"https:\/\/underwaterhockey.ch\/en\/","title":{"rendered":"About"},"content":{"rendered":"<style id=\"depicter-1-inline-pre-css\">\n\n.depicter-1:not(.depicter-ready){\n\theight:700px;\n}\n\n\/***** Tablet *****\/\n@media screen and (max-width: 1024px){\n\n.depicter-1:not(.depicter-ready){\n\theight:700px;\n}\n\n}\n\/***** Mobile *****\/\n@media screen and (max-width: 767px){\n\n.depicter-1:not(.depicter-ready){\n\theight:740px;\n}\n\n}\n<\/style>\n<div id=\"depicter-1\" class=\"depicter depicter-document depicter-revert depicter-1 depicter-layout-fullwidth\">\n\n<div class=\"depicter-loading-container depicter-loading dotFlashing-dark\"><div class=\"depicter-loading-dark depicter-dot-flashing\">\n   <span><\/span>\n   <span><\/span>\n   <span><\/span>\n<\/div>\n<\/div>\n<div id=\"depicter-1-section-1\" class=\"depicter-section depicter-1-section-1\" data-name=\"Section 1\" data-type=\"section\" data-local-id=\"section-1\">\n<picture id=\"depicter-1-element-2\" class=\"depicter-element depicter-layer depicter-1-element-2\" data-type=\"image\" data-wrap=\"true\" data-name=\"Image 1\" data-local-id=\"element-2\" data-offset=\"x:-81px;y:0px;origin:tl\" data-width=\"1384px,,\" data-height=\"805px,,\" data-responsive-scale=\"true,,\" data-crop=\"false\">\n<source data-depicter-srcset=\"https:\/\/underwaterhockey.ch\/wp-content\/uploads\/2025\/09\/IMG-20250225-WA0004-1384x805.jpg, https:\/\/underwaterhockey.ch\/wp-content\/uploads\/2025\/09\/IMG-20250225-WA0004-2768x1610.jpg 2x\" srcset=\"data:image\/gif;base64,R0lGODlhAQABAIAAAAAAAP\/\/\/yH5BAEAAAAALAAAAAABAAEAAAIBRAA7\" \/>\n<img decoding=\"async\" src=\"data:image\/gif;base64,R0lGODlhAQABAIAAAAAAAP\/\/\/yH5BAEAAAAALAAAAAABAAEAAAIBRAA7\" data-depicter-src=\"https:\/\/underwaterhockey.ch\/wp-content\/uploads\/2025\/09\/IMG-20250225-WA0004-1384x805.jpg\" alt=\"\" \/>\n<\/picture><\/div>\n\n<div id=\"depicter-1-section-3\" class=\"depicter-section depicter-1-section-3\" data-name=\"Slide 1\" data-type=\"section\" data-local-id=\"section-3\">\n<picture id=\"depicter-1-element-4\" class=\"depicter-element depicter-layer depicter-1-element-4\" data-type=\"image\" data-wrap=\"true\" data-name=\"Image 2\" data-local-id=\"element-4\" data-offset=\"x:-161px;y:0px;origin:tl\" data-width=\"1483px,,\" data-height=\"706px,,\" data-responsive-scale=\"true,,\" data-crop=\"false\">\n<source data-depicter-srcset=\"https:\/\/underwaterhockey.ch\/wp-content\/uploads\/2025\/09\/cropped-SUSV-Unterwasserhockey-Clubs-2-1483x706.jpg, https:\/\/underwaterhockey.ch\/wp-content\/uploads\/2025\/09\/cropped-SUSV-Unterwasserhockey-Clubs-2-2966x1412.jpg 2x\" srcset=\"data:image\/gif;base64,R0lGODlhAQABAIAAAAAAAP\/\/\/yH5BAEAAAAALAAAAAABAAEAAAIBRAA7\" \/>\n<img decoding=\"async\" src=\"data:image\/gif;base64,R0lGODlhAQABAIAAAAAAAP\/\/\/yH5BAEAAAAALAAAAAABAAEAAAIBRAA7\" data-depicter-src=\"https:\/\/underwaterhockey.ch\/wp-content\/uploads\/2025\/09\/cropped-SUSV-Unterwasserhockey-Clubs-2-1483x706.jpg\" alt=\"\" \/>\n<\/picture><\/div>\n\n<div id=\"depicter-1-section-5\" class=\"depicter-section depicter-1-section-5\" data-name=\"Slide 2\" data-type=\"section\" data-local-id=\"section-5\">\n<picture id=\"depicter-1-element-6\" class=\"depicter-element depicter-layer depicter-1-element-6\" data-type=\"image\" data-wrap=\"true\" data-name=\"Image 3\" data-local-id=\"element-6\" data-offset=\"x:-93px;y:0px;origin:tl\" data-width=\"1365px,,\" data-height=\"710px,,\" data-responsive-scale=\"true,,\" data-crop=\"false\">\n<source data-depicter-srcset=\"https:\/\/underwaterhockey.ch\/wp-content\/uploads\/2025\/09\/cropped-SUSV-Unterwasserhockey-3-1365x710.jpg, https:\/\/underwaterhockey.ch\/wp-content\/uploads\/2025\/09\/cropped-SUSV-Unterwasserhockey-3-2730x1420.jpg 2x\" srcset=\"data:image\/gif;base64,R0lGODlhAQABAIAAAAAAAP\/\/\/yH5BAEAAAAALAAAAAABAAEAAAIBRAA7\" \/>\n<img decoding=\"async\" src=\"data:image\/gif;base64,R0lGODlhAQABAIAAAAAAAP\/\/\/yH5BAEAAAAALAAAAAABAAEAAAIBRAA7\" data-depicter-src=\"https:\/\/underwaterhockey.ch\/wp-content\/uploads\/2025\/09\/cropped-SUSV-Unterwasserhockey-3-1365x710.jpg\" alt=\"\" \/>\n<\/picture><\/div>\n<\/div>\n<script>\n(window.depicterSetups = window.depicterSetups || []).push(function(){\n\tDepicter.basePath = 'https:\/\/underwaterhockey.ch\/wp-content\/plugins\/depicter\/resources\/scripts\/player\/';\n\tconst dpPlayer = Depicter.setup('.depicter-1',\n\t\t{\"width\":[\"1200\",\"1024\",\"360\"],\"height\":[\"700\",\"700\",\"740\"],\"view\":\"basic\",\"keepAspectRatio\":true,\"preload\":0,\"layout\":\"fullwidth\",\"rtl\":false,\"initAfterAppear\":false,\"ajaxApiUrl\":\"https:\\\/\\\/underwaterhockey.ch\\\/wp-admin\\\/admin-ajax.php\",\"mouseSwipe\":true,\"touchSwipe\":true,\"useWatermark\":false}\n\t);\n});\n<\/script>\n\n\n\n<p>Ein schneller und wendiger Sport!<br>Unterwasserhockey ist ein Teamsport mit je 6 Spielern und wird am Boden des Pools gespielt. Gef\u00f6rdert werden Geschwindigkeit, Wendigkeit und vor allem ein enges Zusammenspiel im Team, schliesslich m\u00fcssen alle regelm\u00e4ssig Luft holen. Ein echt atem(be)raubendes Spiel!<\/p>\n\n\n\n<p><\/p>\n","protected":false},"excerpt":{"rendered":"<p>Ein schneller und wendiger Sport!Unterwasserhockey ist ein Teamsport mit je 6 Spielern und wird am Boden des Pools gespielt. Gef\u00f6rdert werden Geschwindigkeit, Wendigkeit und vor allem ein enges Zusammenspiel im Team, schliesslich m\u00fcssen alle regelm\u00e4ssig Luft holen. Ein echt atem(be)raubendes Spiel!<\/p>","protected":false},"author":1,"featured_media":0,"parent":0,"menu_order":0,"comment_status":"closed","ping_status":"closed","template":"","meta":{"pagelayer_contact_templates":[],"_pagelayer_content":"","footnotes":""},"class_list":["post-29","page","type-page","status-publish","hentry"],"_links":{"self":[{"href":"https:\/\/underwaterhockey.ch\/en\/wp-json\/wp\/v2\/pages\/29","targetHints":{"allow":["GET"]}}],"collection":[{"href":"https:\/\/underwaterhockey.ch\/en\/wp-json\/wp\/v2\/pages"}],"about":[{"href":"https:\/\/underwaterhockey.ch\/en\/wp-json\/wp\/v2\/types\/page"}],"author":[{"embeddable":true,"href":"https:\/\/underwaterhockey.ch\/en\/wp-json\/wp\/v2\/users\/1"}],"replies":[{"embeddable":true,"href":"https:\/\/underwaterhockey.ch\/en\/wp-json\/wp\/v2\/comments?post=29"}],"version-history":[{"count":6,"href":"https:\/\/underwaterhockey.ch\/en\/wp-json\/wp\/v2\/pages\/29\/revisions"}],"predecessor-version":[{"id":77,"href":"https:\/\/underwaterhockey.ch\/en\/wp-json\/wp\/v2\/pages\/29\/revisions\/77"}],"wp:attachment":[{"href":"https:\/\/underwaterhockey.ch\/en\/wp-json\/wp\/v2\/media?parent=29"}],"curies":[{"name":"wp","href":"https:\/\/api.w.org\/{rel}","templated":true}]}}